{"id":2,"date":"2016-05-10T03:48:21","date_gmt":"2016-05-10T03:48:21","guid":{"rendered":"http:\/\/wp452m.a10-52-158-154.qa.plesk.ru\/wordpress\/?page_id=2"},"modified":"2023-08-22T15:12:46","modified_gmt":"2023-08-22T18:12:46","slug":"sample-page","status":"publish","type":"page","link":"https:\/\/eventos.paintballsergipe.com\/","title":{"rendered":"In\u00edcio"},"content":{"rendered":"<p>Jogos e Eventos apoiados pelo portal <a href=\"http:\/\/www.paintballsergipe.com\" target=\"_blank\" rel=\"noopener\">Paintball Sergipe<\/a>:<br \/>\n(EVENTOS FICT\u00cdCIOS)<\/p>\n\t\t<p>Aparentemente n\u00e3o pudemos encontrar o que voc\u00ea est\u00e1 procurando. Talvez uma busca ajude.<\/p>\n\t\n","protected":false},"excerpt":{"rendered":"<p>Jogos e Eventos apoiados pelo portal Paintball Sergipe: (EVENTOS FICT\u00cdCIOS)<\/p>\n","protected":false},"author":1,"featured_media":0,"parent":0,"menu_order":0,"comment_status":"closed","ping_status":"closed","template":"","meta":{"footnotes":""},"class_list":["bg-stuff"],"_links":{"self":[{"href":"https:\/\/eventos.paintballsergipe.com\/index.php?rest_route=\/wp\/v2\/pages\/2","targetHints":{"allow":["GET"]}}],"collection":[{"href":"https:\/\/eventos.paintballsergipe.com\/index.php?rest_route=\/wp\/v2\/pages"}],"about":[{"href":"https:\/\/eventos.paintballsergipe.com\/index.php?rest_route=\/wp\/v2\/types\/page"}],"author":[{"embeddable":true,"href":"https:\/\/eventos.paintballsergipe.com\/index.php?rest_route=\/wp\/v2\/users\/1"}],"replies":[{"embeddable":true,"href":"https:\/\/eventos.paintballsergipe.com\/index.php?rest_route=%2Fwp%2Fv2%2Fcomments&post=2"}],"version-history":[{"count":15,"href":"https:\/\/eventos.paintballsergipe.com\/index.php?rest_route=\/wp\/v2\/pages\/2\/revisions"}],"predecessor-version":[{"id":213,"href":"https:\/\/eventos.paintballsergipe.com\/index.php?rest_route=\/wp\/v2\/pages\/2\/revisions\/213"}],"wp:attachment":[{"href":"https:\/\/eventos.paintballsergipe.com\/index.php?rest_route=%2Fwp%2Fv2%2Fmedia&parent=2"}],"curies":[{"name":"wp","href":"https:\/\/api.w.org\/{rel}","templated":true}]}}